{"id":7578,"date":"2022-03-24T11:28:42","date_gmt":"2022-03-24T10:28:42","guid":{"rendered":"https:\/\/www.ibbycat.cat\/?page_id=7578"},"modified":"2022-06-23T00:55:56","modified_gmt":"2022-06-22T22:55:56","slug":"agenda","status":"publish","type":"page","link":"https:\/\/www.ibbycat.cat\/es\/actualidad\/agenda\/","title":{"rendered":"Agenda"},"content":{"rendered":"<div id=\"pl-7578\"  class=\"panel-layout\" ><div id=\"pg-7578-0\"  class=\"panel-grid panel-no-style\" ><div id=\"pgc-7578-0-0\"  class=\"panel-grid-cell\" ><form method=\"get\" class=\"cercador\" action=\"\/es\/actualidad\/\/\"><input type=\"hidden\" name=\"durades\" value=\"\" \/><input type=\"hidden\" name=\"tipologies\" value=\"\" \/><input type=\"hidden\" name=\"projectes\" value=\"\" \/><input type=\"hidden\" name=\"monslij\" value=\"\" \/><input type=\"hidden\" name=\"destinataris\" value=\"\" \/><input type=\"search\" class=\"cerca\" id=\"cerca\" placeholder=\"Buscar en AGENDA...\" value=\"\" name=\"cerca\" title=\"\" autocomplete=\"off\" \/><\/form><div id=\"panel-7578-0-0-0\" class=\"so-panel widget widget_sow-editor panel-first-child panel-last-child\" data-index=\"0\" ><div\n\t\t\t\n\t\t\tclass=\"so-widget-sow-editor so-widget-sow-editor-base\"\n\t\t\t\n\t\t>\n<div class=\"siteorigin-widget-tinymce textwidget\">\n\t\n<\/div>\n<\/div><\/div><\/div><\/div><div id=\"pg-7578-1\"  class=\"panel-grid panel-no-style\" ><div id=\"pgc-7578-1-0\"  class=\"panel-grid-cell\" ><div class=\"cont-filtres\"><a href=\"javascript:;\" class=\"btgeneric btfiltre\">Filtres<\/a><div class=\"widget\"><h3 class=\"widget-title\">Durada<\/h3><ul class=\"loop-filtres\"><li><a href=\"javascript:;\" onclick=\"agendaaddfiltertax('','curta','','','','','','','','','','')\" tax=\"curta\">Curta durada (490)<\/a><\/li><li><a href=\"javascript:;\" onclick=\"agendaaddfiltertax('','llarga','','','','','','','','','','')\" tax=\"llarga\">Llarga durada (68)<\/a><\/li><ul><\/div><div class=\"widget\"><h3 class=\"widget-title\">Tipologia<\/h3><ul class=\"loop-filtres\"><li><a href=\"javascript:;\" onclick=\"agendaaddfiltertax('','','','altres','','','','','','','','')\" tax=\"altres\">Altres (15)<\/a><\/li><li><a href=\"javascript:;\" onclick=\"agendaaddfiltertax('','','','concursos','','','','','','','','')\" tax=\"concursos\">Concursos (3)<\/a><\/li><li><a href=\"javascript:;\" onclick=\"agendaaddfiltertax('','','','conferencies','','','','','','','','')\" tax=\"conferencies\">Confer\u00e8ncies (13)<\/a><\/li><li><a href=\"javascript:;\" onclick=\"agendaaddfiltertax('','','','efemerides','','','','','','','','')\" tax=\"efemerides\">Efem\u00e8rides (25)<\/a><\/li><li><a href=\"javascript:;\" onclick=\"agendaaddfiltertax('','','','homenatges','','','','','','','','')\" tax=\"homenatges\">Homenatges (11)<\/a><\/li><li><a href=\"javascript:;\" onclick=\"agendaaddfiltertax('','','','jornades-i-congressos','','','','','','','','')\" tax=\"jornades-i-congressos\">Jornades i Congressos (34)<\/a><\/li><ul><\/div><div class=\"widget\"><h3 class=\"widget-title\">Projecte Ibbycat<\/h3><ul class=\"loop-filtres\"><li><a href=\"javascript:;\" onclick=\"agendaaddfiltertax('','','','','','ibby-espana-oepli','','','','','','')\" tax=\"ibby-espana-oepli\">IBBY Espa\u00f1a \/ OEPLI (3)<\/a><\/li><li><a href=\"javascript:;\" onclick=\"agendaaddfiltertax('','','','','','ibby-espana-i-ibby-lac','','','','','','')\" tax=\"ibby-espana-i-ibby-lac\">IBBY Espa\u00f1a i IBBY LAC (2)<\/a><\/li><li><a href=\"javascript:;\" onclick=\"agendaaddfiltertax('','','','','','ibby-internacional','','','','','','')\" tax=\"ibby-internacional\">IBBY Internacional (7)<\/a><\/li><li><a href=\"javascript:;\" onclick=\"agendaaddfiltertax('','','','','','ibbycat','','','','','','')\" tax=\"ibbycat\">IBBYcat (6)<\/a><\/li><ul><\/div><div class=\"widget\"><h3 class=\"widget-title\">M\u00f3n Lij<\/h3><ul class=\"loop-filtres\"><li><a href=\"javascript:;\" onclick=\"agendaaddfiltertax('','','','','','','','autors-lij','','','','')\" tax=\"autors-lij\">Autors LIJ (114)<\/a><\/li><li><a href=\"javascript:;\" onclick=\"agendaaddfiltertax('','','','','','','','critica','','','','')\" tax=\"critica\">Cr\u00edtica (9)<\/a><\/li><li><a href=\"javascript:;\" onclick=\"agendaaddfiltertax('','','','','','','','didactica-lij','','','','')\" tax=\"didactica-lij\">Did\u00e0ctica LIJ (9)<\/a><\/li><li><a href=\"javascript:;\" onclick=\"agendaaddfiltertax('','','','','','','','generes-lij','','','','')\" tax=\"generes-lij\">G\u00e8neres LIJ (80)<\/a><\/li><li><a href=\"javascript:;\" onclick=\"agendaaddfiltertax('','','','','','','','illustradors-lij','','','','')\" tax=\"illustradors-lij\">Il\u00b7lustradors LIJ (3)<\/a><\/li><li><a href=\"javascript:;\" onclick=\"agendaaddfiltertax('','','','','','','','mediadors-lij','','','','')\" tax=\"mediadors-lij\">Mediadors LIJ (45)<\/a><\/li><li><a href=\"javascript:;\" onclick=\"agendaaddfiltertax('','','','','','','','obres-lij','','','','')\" tax=\"obres-lij\">Obres LIJ (15)<\/a><\/li><li><a href=\"javascript:;\" onclick=\"agendaaddfiltertax('','','','','','','','promocio-de-la-lectura','','','','')\" tax=\"promocio-de-la-lectura\">Promoci\u00f3 de la lectura (115)<\/a><\/li><li><a href=\"javascript:;\" onclick=\"agendaaddfiltertax('','','','','','','','seleccions-lij','','','','')\" tax=\"seleccions-lij\">Seleccions LIJ (14)<\/a><\/li><li><a href=\"javascript:;\" onclick=\"agendaaddfiltertax('','','','','','','','traductors-lij','','','','')\" tax=\"traductors-lij\">Traductors LIJ (3)<\/a><\/li><ul><\/div><div class=\"widget\"><h3 class=\"widget-title\">Destinatari<\/h3><ul class=\"loop-filtres\"><li><a href=\"javascript:;\" onclick=\"agendaaddfiltertax('','','','','','','','','','joves','','')\" tax=\"joves\">Joves (23)<\/a><\/li><li><a href=\"javascript:;\" onclick=\"agendaaddfiltertax('','','','','','','','','','mediadors','','')\" tax=\"mediadors\">Mediadors (172)<\/a><\/li><ul><\/div><\/div><div id=\"panel-7578-1-0-0\" class=\"so-panel widget widget_sow-editor panel-first-child panel-last-child\" data-index=\"1\" ><div\n\t\t\t\n\t\t\tclass=\"so-widget-sow-editor so-widget-sow-editor-base\"\n\t\t\t\n\t\t>\n<div class=\"siteorigin-widget-tinymce textwidget\">\n\t\n<\/div>\n<\/div><\/div><\/div><div id=\"pgc-7578-1-1\"  class=\"panel-grid-cell\" ><div class=\"filtres\"><\/div><p class=\"noresult\">No s'han trobat esdeveniments<\/p><div id=\"panel-7578-1-1-0\" class=\"so-panel widget widget_sow-editor panel-first-child panel-last-child\" data-index=\"2\" ><div\n\t\t\t\n\t\t\tclass=\"so-widget-sow-editor so-widget-sow-editor-base\"\n\t\t\t\n\t\t>\n<div class=\"siteorigin-widget-tinymce textwidget\">\n\t\n<\/div>\n<\/div><\/div><\/div><\/div><\/div>","protected":false},"excerpt":{"rendered":"<p>FiltresDuradaCurta durada (490)Llarga durada (68)TipologiaAltres (15)Concursos (3)Confer\u00e8ncies (13)Efem\u00e8rides (25)Homenatges (11)Jornades i Congressos (34)Projecte IbbycatIBBY Espa\u00f1a \/ OEPLI (3)IBBY Espa\u00f1a i IBBY LAC (2)IBBY Internacional (7)IBBYcat (6)M\u00f3n LijAutors LIJ (114)Cr\u00edtica (9)Did\u00e0ctica LIJ (9)G\u00e8neres LIJ (80)Il\u00b7lustradors LIJ (3)Mediadors LIJ (45)Obres LIJ (15)Promoci\u00f3 de la lectura (115)Seleccions LIJ (14)Traductors LIJ (3)DestinatariJoves (23)Mediadors (172) No s&#8217;han trobat esdeveniments<\/p>\n","protected":false},"author":2,"featured_media":0,"parent":7574,"menu_order":2,"comment_status":"closed","ping_status":"closed","template":"template-fullwidth.php","meta":{"_acf_changed":false,"inline_featured_image":false,"_monsterinsights_skip_tracking":false,"_monsterinsights_sitenote_active":false,"_monsterinsights_sitenote_note":"","_monsterinsights_sitenote_category":0,"footnotes":""},"class_list":["post-7578","page","type-page","status-publish","hentry"],"acf":[],"_links":{"self":[{"href":"https:\/\/www.ibbycat.cat\/es\/wp-json\/wp\/v2\/pages\/7578","targetHints":{"allow":["GET"]}}],"collection":[{"href":"https:\/\/www.ibbycat.cat\/es\/wp-json\/wp\/v2\/pages"}],"about":[{"href":"https:\/\/www.ibbycat.cat\/es\/wp-json\/wp\/v2\/types\/page"}],"author":[{"embeddable":true,"href":"https:\/\/www.ibbycat.cat\/es\/wp-json\/wp\/v2\/users\/2"}],"replies":[{"embeddable":true,"href":"https:\/\/www.ibbycat.cat\/es\/wp-json\/wp\/v2\/comments?post=7578"}],"version-history":[{"count":1,"href":"https:\/\/www.ibbycat.cat\/es\/wp-json\/wp\/v2\/pages\/7578\/revisions"}],"predecessor-version":[{"id":7579,"href":"https:\/\/www.ibbycat.cat\/es\/wp-json\/wp\/v2\/pages\/7578\/revisions\/7579"}],"up":[{"embeddable":true,"href":"https:\/\/www.ibbycat.cat\/es\/wp-json\/wp\/v2\/pages\/7574"}],"wp:attachment":[{"href":"https:\/\/www.ibbycat.cat\/es\/wp-json\/wp\/v2\/media?parent=7578"}],"curies":[{"name":"wp","href":"https:\/\/api.w.org\/{rel}","templated":true}]}}